{"id":69,"date":"2024-02-16T09:44:32","date_gmt":"2024-02-16T08:44:32","guid":{"rendered":"https:\/\/thurow.de\/?page_id=69"},"modified":"2024-03-06T08:37:33","modified_gmt":"2024-03-06T07:37:33","slug":"literatur","status":"publish","type":"page","link":"https:\/\/thurow.de\/?page_id=69","title":{"rendered":"Ver\u00f6ffentlichungen"},"content":{"rendered":"\n<h2 class=\"wp-block-heading\">2016<\/h2>\n\n\n\n<ul class=\"wp-block-list\">\n<li>Thurow T, Langenhan C, Petzold F. 2016. <a href=\"https:\/\/portal.fis.tum.de\/en\/publications\/assisting-early-architectural-planning-using-a-geometrybased-grap\">Assisting Early Architectural Planning Using a Geometry-Based Graph Search<\/a>.<\/li>\n<\/ul>\n\n\n\n<h2 class=\"wp-block-heading\">2012<\/h2>\n\n\n\n<ul class=\"wp-block-list\">\n<li>Braunes J, Thurow T.\u00a0 2012.\u00a0\u00a0Dynamische Erweiterbarkeit von verteilten Bauwerksmodellen in Freac<a href=\"http:\/\/infar.architektur.uni-weimar.de\/service\/drupal-infar\/biblio\/view\/674\">\u00b3<\/a>.<\/li>\n<\/ul>\n\n\n\n<h2 class=\"wp-block-heading\">2011<\/h2>\n\n\n\n<ul class=\"wp-block-list\">\n<li>Schneider S, Braunes J, Thurow T, Koenig R, Tonn C.\u00a0 2011.\u00a0\u00a0<a href=\"https:\/\/www.researchgate.net\/publication\/256471429_Entwerfen_Versionieren_Probleme_und_Losungsansatze_fur_die_Organisation_verteilter_Entwurfsprozesse\">Entwerfen Versionieren: Probleme und L\u00f6sungsans\u00e4tze f\u00fcr die Organisation verteilter Entwurfsprozesse<\/a>.<\/li>\n\n\n\n<li>Schneider S, Braunes J, Thurow T, Koenig R.\u00a0 2011.\u00a0\u00a0<a href=\"https:\/\/www.researchgate.net\/publication\/256471430_Design_Versioning_Problems_and_possible_solutions_for_the_automatic_management_of_distributed_design_processes\">Design Versioning: Problems and possible solutions for the automatic management of distributed design processes<\/a>.<\/li>\n\n\n\n<li>Thurow T, Braunes J.\u00a0 2011.\u00a0\u00a0Ein digitales Bauwerksmodell f\u00fcr die Baudiagnostik.<\/li>\n\n\n\n<li>Braunes J, Tatarin R, Thurow T.\u00a0 2011.\u00a0\u00a0Mehr als Geometrie \u2013 Kombination von Bauwerkserfassung und Bauwerksdiagnostik auf Basis eines digitalen Geb\u00e4udemodells.<\/li>\n<\/ul>\n\n\n\n<h2 class=\"wp-block-heading\">2010<\/h2>\n\n\n\n<ul class=\"wp-block-list\">\n<li>Thurow T, Braunes J, Koenig R.\u00a0 2010.\u00a0\u00a0Ein mitwachsendes Bauwerksmodell f\u00fcr die Bauaufnahme und Baudiagnostik.<\/li>\n\n\n\n<li>Koenig R, Thurow T, Braunes J, Tonn C, Donath D, Schneider S.\u00a0 2010.\u00a0\u00a0<a href=\"https:\/\/www.researchgate.net\/publication\/361128957_FREAC_A_Technical_Introduction_to_a_Framework_for_Enhancing_Research_in_Architectural_Design_and_Communication\">FREAC: A Technical Introduction to a Framework for Enhancing Research in Architectural Design and Communication<\/a>.<\/li>\n\n\n\n<li>Koenig R, Thurow T, Braunes J, Tonn C, Donath D, Schneider S.\u00a0 2010.\u00a0\u00a0<a href=\"http:\/\/infar.architektur.uni-weimar.de\/service\/drupal-infar\/biblio\/view\/455\">T<\/a><a href=\"https:\/\/e-pub.uni-weimar.de\/opus4\/frontdoor\/index\/index\/year\/2011\/docId\/1449\">echnische Einf\u00fchrung in FREAC<\/a>.<\/li>\n<\/ul>\n\n\n\n<h2 class=\"wp-block-heading\">2008<\/h2>\n\n\n\n<ul class=\"wp-block-list\">\n<li>Thurow T.\u00a0 2008.\u00a0\u00a0<a href=\"https:\/\/www.google.com\/url?sa=t&amp;rct=j&amp;q=&amp;esrc=s&amp;source=web&amp;cd=&amp;ved=2ahUKEwiF0M6WgrCEAxVC_bsIHUHtDksQFnoECBgQAQ&amp;url=https%3A%2F%2Fpublikationen.bibliothek.kit.edu%2F1000013504%2F975258&amp;usg=AOvVaw2xGjG4obmdkt0tr7CGejUy&amp;opi=89978449\">Kombination verschiedener Fachaspekte auf Basis eines dynamisch erweiterbaren Bauwerksmodells<\/a>.<\/li>\n<\/ul>\n\n\n\n<h2 class=\"wp-block-heading\">2007<\/h2>\n\n\n\n<ul class=\"wp-block-list\">\n<li>Donath D, Thurow T.\u00a0 2007.\u00a0\u00a0<a href=\"https:\/\/www.researchgate.net\/publication\/222419998_Integrated_architectural_surveying_and_planning_Methods_and_tools_for_recording_and_adjusting_building_survey_data\">Integrated Architectural Surveying and Planning: Methods and Tools for Recording and Adjusting Building Survey Data<\/a>. 16:19-27.<\/li>\n<\/ul>\n\n\n\n<h2 class=\"wp-block-heading\">2006<\/h2>\n\n\n\n<ul class=\"wp-block-list\">\n<li>Thurow T.\u00a0 2006.\u00a0\u00a0Bestandserfassung: Ein mitwachsendes Geometriemodell f\u00fcr planungsrelevante Bauaufnahmen. :85-92.<\/li>\n\n\n\n<li>Erfurt W, Tatarin R, Thurow T.\u00a0 2006.\u00a0\u00a0<a href=\"https:\/\/onlinelibrary.wiley.com\/doi\/abs\/10.1002\/bate.200610006\">Untersuchung zur Homogenit\u00e4t von Bauwersteilen mit Lasertechnik<\/a>. 2006.06, 83. Jahrgang:46-495.<\/li>\n<\/ul>\n\n\n\n<h2 class=\"wp-block-heading\">2005<\/h2>\n\n\n\n<ul class=\"wp-block-list\">\n<li>Donath D, Thurow T.\u00a0 2005.\u00a0\u00a0<a href=\"https:\/\/papers.cumincad.org\/data\/works\/att\/caadria2005_b_4a_d.content.pdf\">Get the Surveying Building Data Into the CAAD System: A Realistic Approach for the Practice<\/a>. vol. 2:171-180.<\/li>\n\n\n\n<li>Donath D, Thurow T.\u00a0 2005.\u00a0\u00a0<a href=\"http:\/\/infar.architektur.uni-weimar.de\/service\/drupal-infar\/biblio\/view\/98\">I<\/a><a href=\"https:\/\/papers.cumincad.org\/data\/works\/att\/cf2005_2_51_24.content.pdf\">ntegrated Computer-assistend Building Surveying for Architectural Planning<\/a>. :183-192.<\/li>\n\n\n\n<li>Tatarin R, Thurow T, Erfurt W.\u00a0 2005.\u00a0\u00a0Automatisierte Schallwegerfassung bei der Durchschallung von Bauwerksteilen. :73-79.<\/li>\n\n\n\n<li>Thurow T.\u00a0 2005.\u00a0\u00a0<a href=\"https:\/\/beckassets.blob.core.windows.net\/product\/toc\/381117\/9783805337540_toc_001.pdf\">Bestandserfassung: Ein mitwachsendes Geometriemodell f\u00fcr planungsrelevante Bauaufnahmen<\/a>.<\/li>\n\n\n\n<li>Thurow T, Donath D.\u00a0 2005.\u00a0\u00a0Digitaler Werkzeugkasten: Bestandsaufnahme der Geb\u00e4udedaten. 2\/2005:59-61.<\/li>\n<\/ul>\n\n\n\n<h2 class=\"wp-block-heading\">2004<\/h2>\n\n\n\n<ul class=\"wp-block-list\">\n<li>Tonn C, Wolkowicz C, Stahr A, Ruth J, Thurow T, Donath D.\u00a0 2004.\u00a0\u00a0<a href=\"https:\/\/e-pub.uni-weimar.de\/opus4\/frontdoor\/deliver\/index\/docId\/181\/file\/icccbe-x_194_pdfa.pdf\">Plausibility in Architectural Design: DOMEdesign \u2013 Software Support for the Formal Shaping and Architect-oriented Design of Shell Structures<\/a>. :158.<\/li>\n\n\n\n<li>Thurow T, Donath D.\u00a0 2004.\u00a0\u00a0<a href=\"https:\/\/www.researchgate.net\/publication\/294751075_A_vision_of_an_adaptive_geometry_model_for_computer-assisted_building_surveying\">A Vision of an Adaptive Geometry Model for Computer-assisted Building Surveyin<\/a><a href=\"http:\/\/infar.architektur.uni-weimar.de\/service\/drupal-infar\/biblio\/view\/181\">g<\/a>. :140-146.<\/li>\n\n\n\n<li>Thurow T.\u00a0 2004.\u00a0\u00a0<a href=\"https:\/\/e-pub.uni-weimar.de\/opus4\/frontdoor\/deliver\/index\/docId\/140\/file\/Dissertation_Endfassung_pdfa.pdf\">Digitaler Architekturbestand: Untersuchungen zur computergest\u00fctzten, schrittweisen Erfassung und Abbildung der Geometrie von Geb\u00e4uden im Kontext der planungsrelevanten Bauaufnahme<\/a>.<\/li>\n\n\n\n<li>Thurow T.\u00a0 2004.\u00a0\u00a0Positionsabgleichungen bei Punktmessungen mittels Tachymeter und Laser Vibrometer. :337-344.<\/li>\n<\/ul>\n\n\n\n<h2 class=\"wp-block-heading\">2003<\/h2>\n\n\n\n<ul class=\"wp-block-list\">\n<li>Weferling U, Donath D, Petzold F, Thurow T.\u00a0 2003.\u00a0\u00a0<a href=\"https:\/\/www.cipaheritagedocumentation.org\/wp-content\/uploads\/2018\/11\/Donath-Freak-%E2%80%93-consistent-surveying-and-documentation-systems-as-a-planning-basis-for-large-scale-historic-buildings.pdf\">FREAK: Consistent Surveying and Documentation Systems as a Planning Basis for Large-ScaleHistoric Buildings<\/a>.<\/li>\n\n\n\n<li>Thurow T, Donath D.\u00a0 2003.\u00a0\u00a0Geometrieerfassung und -abbildung in der Bestandsaufnahme. :335-349.<\/li>\n\n\n\n<li>Weferling U, Donath D, Petzold F, Thurow T.\u00a0 2003.\u00a0\u00a0<a href=\"https:\/\/e-pub.uni-weimar.de\/opus4\/frontdoor\/deliver\/index\/docId\/373\/file\/M_52_pdfa.pdf\">Neue Techniken in der Bestandserfassung<\/a>.<\/li>\n\n\n\n<li>Thurow T, Petzold F, Weferling U.\u00a0 2003.\u00a0\u00a0<a href=\"https:\/\/e-pub.uni-weimar.de\/opus4\/frontdoor\/deliver\/index\/docId\/365\/file\/M_84_pdfa.pdf\">Vision eines mitwachsenden Geometriemodells f\u00fcr die computergest\u00fctzte Bauaufnahme<\/a>.<\/li>\n<\/ul>\n\n\n\n<h2 class=\"wp-block-heading\">2002<\/h2>\n\n\n\n<ul class=\"wp-block-list\">\n<li>Donath D, Petzold F, Thurow T, Richter K.\u00a0 2002.\u00a0\u00a0A Building Information System Based on a Planning Relevant Surveying System: A Module in a Comprehensive Computer Aided Project Planning. :1291-1296.<\/li>\n\n\n\n<li>Donath D, Petzold F, Thurow T.\u00a0 2002.\u00a0\u00a0<a href=\"https:\/\/www.researchgate.net\/publication\/30873895_Planing_relevant_survey_of_buildings_-_starting_point_in_the_revitalization_process_of_existing_buildings_-_requirements_concepts_prototypes_and_visions\">Planning Relevant Survey of Buildings: Starting Point in the Revitalization Process of Existing Building \u2013 Requirements, Concepts, Prototyps and Visions<\/a>. XVIII:565-572.<\/li>\n\n\n\n<li>Donath D, Thurow T.\u00a0 2002.\u00a0\u00a0Vision eines mitwachsenden Geometriemodells f\u00fcr die Bauaufnahme. :9-15.<\/li>\n<\/ul>\n\n\n\n<h2 class=\"wp-block-heading\">2001<\/h2>\n\n\n\n<ul class=\"wp-block-list\">\n<li>Petzold F, Thurow T, Donath D.\u00a0 2001.\u00a0\u00a0<a href=\"https:\/\/www.researchgate.net\/publication\/36422231_GEOMETRIEERFASSUNG_UND_-ABBILDUNG_IN_DER_BESTANDSAUFNAHME\">Geometrieerfassung und \u2013 abbildung in der Bestandsaufnahme<\/a>. :260-267.<\/li>\n\n\n\n<li>Petzold F, Thurow T, Donath D.\u00a0 2001.\u00a0\u00a0<a href=\"https:\/\/www.researchgate.net\/publication\/30873895_Planing_relevant_survey_of_buildings_-_starting_point_in_the_revitalization_process_of_existing_buildings_-_requirements_concepts_prototypes_and_visions\">Planing Relevant Survey of Buildings: Starting Point in the Revitalization Process of Existing Buildings \u2013 Requirements, Concepts, Prototypes and Visions<\/a>. :58.<\/li>\n\n\n\n<li>Donath D, Petzold F, Thurow T, Richter K.\u00a0 2001.\u00a0\u00a0<a href=\"https:\/\/portal.fis.tum.de\/de\/publications\/planning-oriented-building-surveying-modules-in-the-computer-aide\">Planning-oriented Building Surveying: Module in the Computer Aided Architectural Planning Process of Existing Building<\/a>. :144-149.<\/li>\n<\/ul>\n\n\n\n<h2 class=\"wp-block-heading\">2000<\/h2>\n\n\n\n<ul class=\"wp-block-list\">\n<li>Donath D, Petzold F, Tscherepanow R, Thurow T.\u00a0 2000.\u00a0\u00a0<a href=\"https:\/\/e-pub.uni-weimar.de\/opus4\/frontdoor\/deliver\/index\/docId\/621\/file\/095p_Donath_pdfa.pdf\">Geometrieabbildung in der planungsrelevanten Bauaufnahme: Geometric Modelling in Digital Building Survey \u2013 Kurzfassung<\/a>.<\/li>\n\n\n\n<li>Donath D, Liedtke M, Petzold F, Thurow T.\u00a0 2000.\u00a0\u00a0Geometrieerfassung und -abbildung in der Bestandsaufnahme. Nr.163:68-76.<\/li>\n<\/ul>\n","protected":false},"excerpt":{"rendered":"<p>2016 2012 2011 2010 2008 2007 2006 2005 2004 2003 2002 2001 2000<\/p>\n","protected":false},"author":1,"featured_media":0,"parent":0,"menu_order":0,"comment_status":"closed","ping_status":"closed","template":"","meta":{"footnotes":""},"class_list":["post-69","page","type-page","status-publish","hentry"],"_links":{"self":[{"href":"https:\/\/thurow.de\/index.php?rest_route=\/wp\/v2\/pages\/69","targetHints":{"allow":["GET"]}}],"collection":[{"href":"https:\/\/thurow.de\/index.php?rest_route=\/wp\/v2\/pages"}],"about":[{"href":"https:\/\/thurow.de\/index.php?rest_route=\/wp\/v2\/types\/page"}],"author":[{"embeddable":true,"href":"https:\/\/thurow.de\/index.php?rest_route=\/wp\/v2\/users\/1"}],"replies":[{"embeddable":true,"href":"https:\/\/thurow.de\/index.php?rest_route=%2Fwp%2Fv2%2Fcomments&post=69"}],"version-history":[{"count":7,"href":"https:\/\/thurow.de\/index.php?rest_route=\/wp\/v2\/pages\/69\/revisions"}],"predecessor-version":[{"id":257,"href":"https:\/\/thurow.de\/index.php?rest_route=\/wp\/v2\/pages\/69\/revisions\/257"}],"wp:attachment":[{"href":"https:\/\/thurow.de\/index.php?rest_route=%2Fwp%2Fv2%2Fmedia&parent=69"}],"curies":[{"name":"wp","href":"https:\/\/api.w.org\/{rel}","templated":true}]}}